{"id":690,"date":"2026-02-04T17:50:12","date_gmt":"2026-02-04T17:50:12","guid":{"rendered":"https:\/\/x-sign.de\/?page_id=690"},"modified":"2026-02-04T20:11:29","modified_gmt":"2026-02-04T20:11:29","slug":"impressum","status":"publish","type":"page","link":"https:\/\/x-sign.de\/?page_id=690","title":{"rendered":"Impressum"},"content":{"rendered":"<p><strong>Verantwortlich f\u00fcr den Inhalt<\/strong><\/p>\n<p>Xsign<br \/>\nAndreas Kahl\u00a0 Werbetechnik<br \/>\nSchilder &amp; Lichtreklame\u00a0 \u00a0Meisterbetrieb<\/p>\n<p>Edelfeldweg 10 R\u00fcckgeb\u00e4ude<br \/>\n82239 Alling<\/p>\n<p>Inhaber: Andreas Kahl<\/p>\n<p>Telefon 08141 \/ 40 40 056<br \/>\nTelefax 08141 \/ 40 40 058<\/p>\n<p>info@xsign.de<br \/>\nwww.xsign.de<\/p>\n<p>Umsatzsteueridentifikationsnummer gem. \u00a7 27a UStG:<br \/>\nDE 181220963<\/p>\n<p>Zust\u00e4ndige Kammer:<br \/>\nHandwerkskammer f\u00fcr M\u00fcnchen und Oberbayern<\/p>\n<p><strong>Haftung f\u00fcr Inhalte<\/strong><br \/>\nWir distanzieren uns hiermit ausdr\u00fccklich von Inhalten jeglicher Art auf den von uns verlinkten Seiten. Wir erkl\u00e4ren ausdr\u00fccklich, dass wir auf die au\u00dferhalb unserer Domain liegenden Seiten keinerlei Einfluss bez\u00fcglich deren Gestaltung und Inhalt haben und somit auch nicht verantwortlich sind. Sollten sich auf <a class=\"external-link-new-window\" title=\"Opens external link in new window\" href=\"http:\/\/www.xsign.de\/\" target=\"_blank\" rel=\"noopener\">www.xsign.de<\/a>\u00a0Links mit illegalen Inhalten befinden, so bitten wir darum, uns umgehend dar\u00fcber zu informieren, damit wir die betreffenden Links entfernen k\u00f6nnen.<\/p>\n<p><strong>Urheberrecht<\/strong><br \/>\nDie Daten auf dieser Website sind urheberrechtlich gesch\u00fctzt.<br \/>\nDie Rechte Dritter an eingetragenen Marken und Warenzeichen werden uneingeschr\u00e4nkt anerkannt, auch wenn diese nicht explizit als solche gekennzeichnet sind.<br \/>\nJede Kopie, Verbreitung oder Vervielf\u00e4ltigung bedarf der vorherigen Zustimmung der Firma Xsign.<\/p>\n","protected":false},"excerpt":{"rendered":"<p>Verantwortlich f\u00fcr den Inhalt Xsign Andreas Kahl\u00a0 Werbetechnik Schilder &amp; Lichtreklame\u00a0 \u00a0Meisterbetrieb Edelfeldweg 10 R\u00fcckgeb\u00e4ude 82239 Alling Inhaber: Andreas Kahl Telefon 08141 \/ 40 40 056 Telefax 08141 \/ 40 40 058 info@xsign.de www.xsign.de Umsatzsteueridentifikationsnummer gem. \u00a7 27a UStG: DE 181220963 Zust\u00e4ndige Kammer: Handwerkskammer f\u00fcr M\u00fcnchen und Oberbayern Haftung f\u00fcr Inhalte Wir distanzieren uns hiermit &hellip; <\/p>\n<p class=\"link-more\"><a href=\"https:\/\/x-sign.de\/?page_id=690\" class=\"more-link\"><span class=\"screen-reader-text\">\u201eImpressum\u201c <\/span>weiterlesen<\/a><\/p>\n","protected":false},"author":1,"featured_media":0,"parent":0,"menu_order":0,"comment_status":"closed","ping_status":"closed","template":"","meta":{"footnotes":""},"class_list":["post-690","page","type-page","status-publish","hentry"],"_links":{"self":[{"href":"https:\/\/x-sign.de\/index.php?rest_route=\/wp\/v2\/pages\/690","targetHints":{"allow":["GET"]}}],"collection":[{"href":"https:\/\/x-sign.de\/index.php?rest_route=\/wp\/v2\/pages"}],"about":[{"href":"https:\/\/x-sign.de\/index.php?rest_route=\/wp\/v2\/types\/page"}],"author":[{"embeddable":true,"href":"https:\/\/x-sign.de\/index.php?rest_route=\/wp\/v2\/users\/1"}],"replies":[{"embeddable":true,"href":"https:\/\/x-sign.de\/index.php?rest_route=%2Fwp%2Fv2%2Fcomments&post=690"}],"version-history":[{"count":6,"href":"https:\/\/x-sign.de\/index.php?rest_route=\/wp\/v2\/pages\/690\/revisions"}],"predecessor-version":[{"id":736,"href":"https:\/\/x-sign.de\/index.php?rest_route=\/wp\/v2\/pages\/690\/revisions\/736"}],"wp:attachment":[{"href":"https:\/\/x-sign.de\/index.php?rest_route=%2Fwp%2Fv2%2Fmedia&parent=690"}],"curies":[{"name":"wp","href":"https:\/\/api.w.org\/{rel}","templated":true}]}}